{"id":2040,"date":"2015-12-03T18:39:45","date_gmt":"2015-12-03T18:39:45","guid":{"rendered":"http:\/\/ventcampwp.com\/?page_id=2040"},"modified":"2018-02-05T21:22:53","modified_gmt":"2018-02-05T21:22:53","slug":"forms","status":"publish","type":"page","link":"https:\/\/iktem.si\/en\/shortcodes\/forms\/","title":{"rendered":"Send us a note"},"content":{"rendered":"<p>[vc_row][vc_column][vc_icon type=&#8221;lineicons&#8221; icon_lineicons=&#8221;icon icon-office-21&#8243; size=&#8221;lg&#8221; align=&#8221;center&#8221;][vc_custom_heading source=&#8221;post_title&#8221; font_container=&#8221;tag:h3|text_align:center&#8221;][vc_custom_heading text=&#8221;Please enter your data&#8221; font_container=&#8221;tag:p|text_align:center|color:%238d93a0&#8243;][\/vc_column][\/vc_row][vc_row][vc_column][vc_custom_heading text=&#8221;&#8221; font_container=&#8221;tag:h5|text_align:center&#8221; el_class=&#8221;heading-alt&#8221;][vc_empty_space][vc_row_inner][vc_column_inner width=&#8221;1\/3&#8243;]<div class='contact-form-7-data' data-token='EPOWK'><div role=\"form\" class=\"wpcf7\" id=\"wpcf7-f1501-o2\" lang=\"en-US\" dir=\"ltr\">\n<div class=\"screen-reader-response\"><\/div>\n<form action=\"\/en\/wp-json\/wp\/v2\/pages\/2040#wpcf7-f1501-o2\" method=\"post\" class=\"wpcf7-form\" novalidate=\"novalidate\">\n<div style=\"display: none;\">\n<input type=\"hidden\" name=\"_wpcf7\" value=\"1501\" \/>\n<input type=\"hidden\" name=\"_wpcf7_version\" value=\"5.1.1\" \/>\n<input type=\"hidden\" name=\"_wpcf7_locale\" value=\"en_US\" \/>\n<input type=\"hidden\" name=\"_wpcf7_unit_tag\" value=\"wpcf7-f1501-o2\" \/>\n<input type=\"hidden\" name=\"_wpcf7_container_post\" value=\"0\" \/>\n<input type=\"hidden\" name=\"g-recaptcha-response\" value=\"\" \/>\n<\/div>\n<div class=\"form-content\"><div class=\"form form-contacts\">\n<div class=\"form-group\">\n<div class=\"col-sm-12 col-xs-12\">\n      <span class=\"wpcf7-form-control-wrap FULLNAME\"><input type=\"text\" name=\"FULLNAME\" value=\"\" size=\"40\" class=\"wpcf7-form-control wpcf7-text wpcf7-validates-as-required\" aria-required=\"true\" aria-invalid=\"false\" placeholder=\"Va\u0161e ime in priimek\" \/><\/span>\n    <\/div><\/div>\n<div class=\"form-group\">\n<div class=\"col-sm-12 col-xs-12\">\n      <span class=\"wpcf7-form-control-wrap EMAIL\"><input type=\"email\" name=\"EMAIL\" value=\"\" size=\"40\" class=\"wpcf7-form-control wpcf7-text wpcf7-email wpcf7-validates-as-required wpcf7-validates-as-email\" aria-required=\"true\" aria-invalid=\"false\" placeholder=\"E-mail\" \/><\/span>\n    <\/div><\/div>\n<div class=\"form-group\">\n<div class=\"col-sm-12 col-xs-12\">\n      <span class=\"wpcf7-form-control-wrap your-message\"><textarea name=\"your-message\" cols=\"40\" rows=\"10\" class=\"wpcf7-form-control wpcf7-textarea wpcf7-validates-as-required\" aria-required=\"true\" aria-invalid=\"false\" placeholder=\"Napi\u0161ite va\u0161e sporo\u010dilo.\"><\/textarea><\/span>\n    <\/div><\/div>\n<div class=\"form-group\">\n<div class=\"col-sm-12 col-xs-12\">\n\n<p>      <span class=\"wpcf7-form-control-wrap wpgdprc\"><span class=\"wpcf7-form-control wpcf7-validates-as-required wpcf7-wpgdprc\"><span class=\"wpcf7-list-item\"><input type=\"checkbox\" name=\"wpgdprc\" value=\"1\" aria-required=\"true\" aria-invalid=\"false\" \/><span class=\"wpcf7-list-item-label\">Da, strinjam se z dolo\u010dili glede varovanja podatkov<\/span><\/span><\/span><\/span><\/p>\n<p><input type=\"submit\" value=\"PO\u0160LJITE SPORO\u010cILO\" class=\"wpcf7-form-control wpcf7-submit btn\" \/>\n    <\/p><\/div><\/div>\n<\/div>\n<\/div><div class=\"wpcf7-response-output wpcf7-display-none\"><\/div><\/form><\/div><\/div>[\/vc_column_inner][vc_column_inner width=&#8221;1\/3&#8243;]<div class='contact-form-7-data' data-token='YIhvH'><div role=\"form\" class=\"wpcf7\" id=\"wpcf7-f1501-o3\" lang=\"en-US\" dir=\"ltr\">\n<div class=\"screen-reader-response\"><\/div>\n<form action=\"\/en\/wp-json\/wp\/v2\/pages\/2040#wpcf7-f1501-o3\" method=\"post\" class=\"wpcf7-form\" novalidate=\"novalidate\">\n<div style=\"display: none;\">\n<input type=\"hidden\" name=\"_wpcf7\" value=\"1501\" \/>\n<input type=\"hidden\" name=\"_wpcf7_version\" value=\"5.1.1\" \/>\n<input type=\"hidden\" name=\"_wpcf7_locale\" value=\"en_US\" \/>\n<input type=\"hidden\" name=\"_wpcf7_unit_tag\" value=\"wpcf7-f1501-o3\" \/>\n<input type=\"hidden\" name=\"_wpcf7_container_post\" value=\"0\" \/>\n<input type=\"hidden\" name=\"g-recaptcha-response\" value=\"\" \/>\n<\/div>\n<div class=\"form-content\"><div class=\"form form-contacts\">\n<div class=\"form-group\">\n<div class=\"col-sm-12 col-xs-12\">\n      <span class=\"wpcf7-form-control-wrap FULLNAME\"><input type=\"text\" name=\"FULLNAME\" value=\"\" size=\"40\" class=\"wpcf7-form-control wpcf7-text wpcf7-validates-as-required\" aria-required=\"true\" aria-invalid=\"false\" placeholder=\"Va\u0161e ime in priimek\" \/><\/span>\n    <\/div><\/div>\n<div class=\"form-group\">\n<div class=\"col-sm-12 col-xs-12\">\n      <span class=\"wpcf7-form-control-wrap EMAIL\"><input type=\"email\" name=\"EMAIL\" value=\"\" size=\"40\" class=\"wpcf7-form-control wpcf7-text wpcf7-email wpcf7-validates-as-required wpcf7-validates-as-email\" aria-required=\"true\" aria-invalid=\"false\" placeholder=\"E-mail\" \/><\/span>\n    <\/div><\/div>\n<div class=\"form-group\">\n<div class=\"col-sm-12 col-xs-12\">\n      <span class=\"wpcf7-form-control-wrap your-message\"><textarea name=\"your-message\" cols=\"40\" rows=\"10\" class=\"wpcf7-form-control wpcf7-textarea wpcf7-validates-as-required\" aria-required=\"true\" aria-invalid=\"false\" placeholder=\"Napi\u0161ite va\u0161e sporo\u010dilo.\"><\/textarea><\/span>\n    <\/div><\/div>\n<div class=\"form-group\">\n<div class=\"col-sm-12 col-xs-12\">\n\n<p>      <span class=\"wpcf7-form-control-wrap wpgdprc\"><span class=\"wpcf7-form-control wpcf7-validates-as-required wpcf7-wpgdprc\"><span class=\"wpcf7-list-item\"><input type=\"checkbox\" name=\"wpgdprc\" value=\"1\" aria-required=\"true\" aria-invalid=\"false\" \/><span class=\"wpcf7-list-item-label\">Da, strinjam se z dolo\u010dili glede varovanja podatkov<\/span><\/span><\/span><\/span><\/p>\n<p><input type=\"submit\" value=\"PO\u0160LJITE SPORO\u010cILO\" class=\"wpcf7-form-control wpcf7-submit btn\" \/>\n    <\/p><\/div><\/div>\n<\/div>\n<\/div><div class=\"wpcf7-response-output wpcf7-display-none\"><\/div><\/form><\/div><\/div>[\/vc_column_inner][vc_column_inner width=&#8221;1\/3&#8243;]<div class='contact-form-7-data' data-token='XteqT'><div role=\"form\" class=\"wpcf7\" id=\"wpcf7-f1501-o4\" lang=\"en-US\" dir=\"ltr\">\n<div class=\"screen-reader-response\"><\/div>\n<form action=\"\/en\/wp-json\/wp\/v2\/pages\/2040#wpcf7-f1501-o4\" method=\"post\" class=\"wpcf7-form\" novalidate=\"novalidate\">\n<div style=\"display: none;\">\n<input type=\"hidden\" name=\"_wpcf7\" value=\"1501\" \/>\n<input type=\"hidden\" name=\"_wpcf7_version\" value=\"5.1.1\" \/>\n<input type=\"hidden\" name=\"_wpcf7_locale\" value=\"en_US\" \/>\n<input type=\"hidden\" name=\"_wpcf7_unit_tag\" value=\"wpcf7-f1501-o4\" \/>\n<input type=\"hidden\" name=\"_wpcf7_container_post\" value=\"0\" \/>\n<input type=\"hidden\" name=\"g-recaptcha-response\" value=\"\" \/>\n<\/div>\n<div class=\"form-content\"><div class=\"form form-contacts\">\n<div class=\"form-group\">\n<div class=\"col-sm-12 col-xs-12\">\n      <span class=\"wpcf7-form-control-wrap FULLNAME\"><input type=\"text\" name=\"FULLNAME\" value=\"\" size=\"40\" class=\"wpcf7-form-control wpcf7-text wpcf7-validates-as-required\" aria-required=\"true\" aria-invalid=\"false\" placeholder=\"Va\u0161e ime in priimek\" \/><\/span>\n    <\/div><\/div>\n<div class=\"form-group\">\n<div class=\"col-sm-12 col-xs-12\">\n      <span class=\"wpcf7-form-control-wrap EMAIL\"><input type=\"email\" name=\"EMAIL\" value=\"\" size=\"40\" class=\"wpcf7-form-control wpcf7-text wpcf7-email wpcf7-validates-as-required wpcf7-validates-as-email\" aria-required=\"true\" aria-invalid=\"false\" placeholder=\"E-mail\" \/><\/span>\n    <\/div><\/div>\n<div class=\"form-group\">\n<div class=\"col-sm-12 col-xs-12\">\n      <span class=\"wpcf7-form-control-wrap your-message\"><textarea name=\"your-message\" cols=\"40\" rows=\"10\" class=\"wpcf7-form-control wpcf7-textarea wpcf7-validates-as-required\" aria-required=\"true\" aria-invalid=\"false\" placeholder=\"Napi\u0161ite va\u0161e sporo\u010dilo.\"><\/textarea><\/span>\n    <\/div><\/div>\n<div class=\"form-group\">\n<div class=\"col-sm-12 col-xs-12\">\n\n<p>      <span class=\"wpcf7-form-control-wrap wpgdprc\"><span class=\"wpcf7-form-control wpcf7-validates-as-required wpcf7-wpgdprc\"><span class=\"wpcf7-list-item\"><input type=\"checkbox\" name=\"wpgdprc\" value=\"1\" aria-required=\"true\" aria-invalid=\"false\" \/><span class=\"wpcf7-list-item-label\">Da, strinjam se z dolo\u010dili glede varovanja podatkov<\/span><\/span><\/span><\/span><\/p>\n<p><input type=\"submit\" value=\"PO\u0160LJITE SPORO\u010cILO\" class=\"wpcf7-form-control wpcf7-submit btn\" \/>\n    <\/p><\/div><\/div>\n<\/div>\n<\/div><div class=\"wpcf7-response-output wpcf7-display-none\"><\/div><\/form><\/div><\/div>[\/vc_column_inner][\/vc_row_inner][\/vc_column][\/vc_row][vc_row][vc_column][vc_custom_heading text=&#8221;Fast signup 1&#8243; font_container=&#8221;tag:h5|text_align:center&#8221; el_class=&#8221;heading-alt&#8221;][vc_empty_space][vc_row_inner][vc_column_inner]<div class='contact-form-7-data' data-token='KQQFJ'><div role=\"form\" class=\"wpcf7\" id=\"wpcf7-f1500-o5\" lang=\"en-US\" dir=\"ltr\">\n<div class=\"screen-reader-response\"><\/div>\n<form action=\"\/en\/wp-json\/wp\/v2\/pages\/2040#wpcf7-f1500-o5\" method=\"post\" class=\"wpcf7-form\" novalidate=\"novalidate\">\n<div style=\"display: none;\">\n<input type=\"hidden\" name=\"_wpcf7\" value=\"1500\" \/>\n<input type=\"hidden\" name=\"_wpcf7_version\" value=\"5.1.1\" \/>\n<input type=\"hidden\" name=\"_wpcf7_locale\" value=\"en_US\" \/>\n<input type=\"hidden\" name=\"_wpcf7_unit_tag\" value=\"wpcf7-f1500-o5\" \/>\n<input type=\"hidden\" name=\"_wpcf7_container_post\" value=\"0\" \/>\n<input type=\"hidden\" name=\"g-recaptcha-response\" value=\"\" \/>\n<\/div>\n<div class=\"form-content\"><div class=\"form form-overlay container\">\n<div class=\"form-group col-sm-6 col-md-3 col-xs-12\">\n      <span class=\"wpcf7-form-control-wrap FULLNAME\"><input type=\"text\" name=\"FULLNAME\" value=\"\" size=\"40\" class=\"wpcf7-form-control wpcf7-text wpcf7-validates-as-required form-control name\" aria-required=\"true\" aria-invalid=\"false\" placeholder=\"Fullname\" \/><\/span>\n    <\/div>\n<div class=\"form-group col-sm-6 col-md-3 col-xs-12\">\n      <span class=\"wpcf7-form-control-wrap company\"><input type=\"text\" name=\"company\" value=\"\" size=\"40\" class=\"wpcf7-form-control wpcf7-text wpcf7-validates-as-required form-control fullname\" aria-required=\"true\" aria-invalid=\"false\" placeholder=\"Company\" \/><\/span>\n    <\/div>\n<div class=\"form-group col-sm-6 col-md-3 col-xs-12\">\n      <span class=\"wpcf7-form-control-wrap EMAIL\"><input type=\"email\" name=\"EMAIL\" value=\"\" size=\"40\" class=\"wpcf7-form-control wpcf7-text wpcf7-email wpcf7-validates-as-required wpcf7-validates-as-email form-control email\" aria-required=\"true\" aria-invalid=\"false\" placeholder=\"E-mail\" \/><\/span>\n    <\/div>\n<div class=\"form-group col-sm-6 col-md-3 col-xs-12\">\n      <span class=\"wpcf7-form-control-wrap wpgdprc\"><span class=\"wpcf7-form-control wpcf7-validates-as-required wpcf7-wpgdprc\"><span class=\"wpcf7-list-item\"><input type=\"checkbox\" name=\"wpgdprc\" value=\"1\" aria-required=\"true\" aria-invalid=\"false\" \/><span class=\"wpcf7-list-item-label\">Da, strinjam se z dolo\u010dili glede varovanja podatkov<\/span><\/span><\/span><\/span><\/p>\n<p><input type=\"submit\" value=\"Enroll now\" class=\"wpcf7-form-control wpcf7-submit btn btn-sm base_clr_bg btn-solid\" \/>\n    <\/p><\/div>\n<\/div>\n<\/div><div class=\"wpcf7-response-output wpcf7-display-none\"><\/div><\/form><\/div><\/div>[\/vc_column_inner][\/vc_row_inner][\/vc_column][\/vc_row][vc_row][vc_column][vc_custom_heading text=&#8221;Fast signup 2&#8243; font_container=&#8221;tag:h5|text_align:center&#8221; el_class=&#8221;heading-alt&#8221;][vc_empty_space][vc_row_inner][vc_column_inner width=&#8221;1\/6&#8243;][\/vc_column_inner][vc_column_inner width=&#8221;2\/3&#8243;]<div class='contact-form-7-data' data-token='W1LpX'><div role=\"form\" class=\"wpcf7\" id=\"wpcf7-f1337-o6\" lang=\"en-US\" dir=\"ltr\">\n<div class=\"screen-reader-response\"><\/div>\n<form action=\"\/en\/wp-json\/wp\/v2\/pages\/2040#wpcf7-f1337-o6\" method=\"post\" class=\"wpcf7-form\" novalidate=\"novalidate\">\n<div style=\"display: none;\">\n<input type=\"hidden\" name=\"_wpcf7\" value=\"1337\" \/>\n<input type=\"hidden\" name=\"_wpcf7_version\" value=\"5.1.1\" \/>\n<input type=\"hidden\" name=\"_wpcf7_locale\" value=\"en_US\" \/>\n<input type=\"hidden\" name=\"_wpcf7_unit_tag\" value=\"wpcf7-f1337-o6\" \/>\n<input type=\"hidden\" name=\"_wpcf7_container_post\" value=\"0\" \/>\n<input type=\"hidden\" name=\"g-recaptcha-response\" value=\"\" \/>\n<\/div>\n<div class=\"form-content\"><div class=\"form form-overlay\">\n<div class=\"form-group col-sm-4 col-xs-12\">\n    <span class=\"wpcf7-form-control-wrap FULLNAME\"><input type=\"text\" name=\"FULLNAME\" value=\"\" size=\"40\" class=\"wpcf7-form-control wpcf7-text wpcf7-validates-as-required form-control fullname\" aria-required=\"true\" aria-invalid=\"false\" placeholder=\"Fullname\" \/><\/span>\n  <\/div>\n<div class=\"form-group  col-sm-4 col-xs-12\">\n    <span class=\"wpcf7-form-control-wrap EMAIL\"><input type=\"email\" name=\"EMAIL\" value=\"\" size=\"40\" class=\"wpcf7-form-control wpcf7-text wpcf7-email wpcf7-validates-as-required wpcf7-validates-as-email form-control email\" aria-required=\"true\" aria-invalid=\"false\" placeholder=\"E-mail\" \/><\/span>\n  <\/div>\n<div class=\"form-group col-sm-4 col-xs-12\">\n    <span class=\"wpcf7-form-control-wrap wpgdprc\"><span class=\"wpcf7-form-control wpcf7-validates-as-required wpcf7-wpgdprc\"><span class=\"wpcf7-list-item\"><input type=\"checkbox\" name=\"wpgdprc\" value=\"1\" aria-required=\"true\" aria-invalid=\"false\" \/><span class=\"wpcf7-list-item-label\">Da, strinjam se z dolo\u010dili glede varovanja podatkov<\/span><\/span><\/span><\/span><\/p>\n<p><input type=\"submit\" value=\"GO\" class=\"wpcf7-form-control wpcf7-submit btn btn-sm base_clr_bg btn-solid\" \/>\n  <\/p><\/div>\n<\/div>\n<\/div><div class=\"wpcf7-response-output wpcf7-display-none\"><\/div><\/form><\/div><\/div>[\/vc_column_inner][vc_column_inner width=&#8221;1\/6&#8243;][\/vc_column_inner][\/vc_row_inner][\/vc_column][\/vc_row][vc_row][vc_column][vc_custom_heading text=&#8221;Fast signup 3&#8243; font_container=&#8221;tag:h5|text_align:center&#8221; el_class=&#8221;heading-alt&#8221;][vc_empty_space][vc_row_inner][vc_column_inner width=&#8221;1\/4&#8243;][\/vc_column_inner][vc_column_inner width=&#8221;1\/2&#8243;]<div class='contact-form-7-data' data-token='VOBwV'><div role=\"form\" class=\"wpcf7\" id=\"wpcf7-f1343-o7\" lang=\"en-US\" dir=\"ltr\">\n<div class=\"screen-reader-response\"><\/div>\n<form action=\"\/en\/wp-json\/wp\/v2\/pages\/2040#wpcf7-f1343-o7\" method=\"post\" class=\"wpcf7-form\" novalidate=\"novalidate\">\n<div style=\"display: none;\">\n<input type=\"hidden\" name=\"_wpcf7\" value=\"1343\" \/>\n<input type=\"hidden\" name=\"_wpcf7_version\" value=\"5.1.1\" \/>\n<input type=\"hidden\" name=\"_wpcf7_locale\" value=\"en_US\" \/>\n<input type=\"hidden\" name=\"_wpcf7_unit_tag\" value=\"wpcf7-f1343-o7\" \/>\n<input type=\"hidden\" name=\"_wpcf7_container_post\" value=\"0\" \/>\n<input type=\"hidden\" name=\"g-recaptcha-response\" value=\"\" \/>\n<\/div>\n<div class=\"form-content\"><div class=\"form form-overlay\">\n<div class=\"form-group col-sm-8\">\n         <span class=\"wpcf7-form-control-wrap EMAIL\"><input type=\"email\" name=\"EMAIL\" value=\"\" size=\"40\" class=\"wpcf7-form-control wpcf7-text wpcf7-email wpcf7-validates-as-required wpcf7-validates-as-email\" aria-required=\"true\" aria-invalid=\"false\" placeholder=\"E-mail\" \/><\/span>\n    <\/div>\n<div class=\"form-group col-sm-4\">\n         <span class=\"wpcf7-form-control-wrap wpgdprc\"><span class=\"wpcf7-form-control wpcf7-validates-as-required wpcf7-wpgdprc\"><span class=\"wpcf7-list-item\"><input type=\"checkbox\" name=\"wpgdprc\" value=\"1\" aria-required=\"true\" aria-invalid=\"false\" \/><span class=\"wpcf7-list-item-label\">Da, strinjam se z dolo\u010dili glede varovanja podatkov<\/span><\/span><\/span><\/span><\/p>\n<p><input type=\"submit\" value=\"GO\" class=\"wpcf7-form-control wpcf7-submit btn btn-sm base_clr_bg btn-solid\" \/>\n      <\/p><\/div>\n<\/div>\n<\/div><div class=\"wpcf7-response-output wpcf7-display-none\"><\/div><\/form><\/div><\/div>[\/vc_column_inner][vc_column_inner width=&#8221;1\/4&#8243;][\/vc_column_inner][\/vc_row_inner][\/vc_column][\/vc_row][vc_row][vc_column][vc_custom_heading text=&#8221;Fast signup 4&#8243; font_container=&#8221;tag:h5|text_align:center&#8221; el_class=&#8221;heading-alt&#8221;][vc_empty_space][vc_row_inner][vc_column_inner width=&#8221;1\/4&#8243;][\/vc_column_inner][vc_column_inner width=&#8221;1\/2&#8243;]<div class='contact-form-7-data' data-token='WnaGI'><div role=\"form\" class=\"wpcf7\" id=\"wpcf7-f1571-o8\" lang=\"en-US\" dir=\"ltr\">\n<div class=\"screen-reader-response\"><\/div>\n<form action=\"\/en\/wp-json\/wp\/v2\/pages\/2040#wpcf7-f1571-o8\" method=\"post\" class=\"wpcf7-form\" novalidate=\"novalidate\">\n<div style=\"display: none;\">\n<input type=\"hidden\" name=\"_wpcf7\" value=\"1571\" \/>\n<input type=\"hidden\" name=\"_wpcf7_version\" value=\"5.1.1\" \/>\n<input type=\"hidden\" name=\"_wpcf7_locale\" value=\"en_US\" \/>\n<input type=\"hidden\" name=\"_wpcf7_unit_tag\" value=\"wpcf7-f1571-o8\" \/>\n<input type=\"hidden\" name=\"_wpcf7_container_post\" value=\"0\" \/>\n<input type=\"hidden\" name=\"g-recaptcha-response\" value=\"\" \/>\n<\/div>\n<div class=\"form-content\"><div class=\"form form-overlay\">\n<div class=\"form-group col-sm-12\">\n         <span class=\"wpcf7-form-control-wrap EMAIL\"><input type=\"email\" name=\"EMAIL\" value=\"\" size=\"40\" class=\"wpcf7-form-control wpcf7-text wpcf7-email wpcf7-validates-as-required wpcf7-validates-as-email\" aria-required=\"true\" aria-invalid=\"false\" placeholder=\"E-mail\" \/><\/span>\n    <\/div>\n<div class=\"form-group col-sm-12 align-center\">\n         <span class=\"wpcf7-form-control-wrap wpgdprc\"><span class=\"wpcf7-form-control wpcf7-validates-as-required wpcf7-wpgdprc\"><span class=\"wpcf7-list-item\"><input type=\"checkbox\" name=\"wpgdprc\" value=\"1\" aria-required=\"true\" aria-invalid=\"false\" \/><span class=\"wpcf7-list-item-label\">Da, strinjam se z dolo\u010dili glede varovanja podatkov<\/span><\/span><\/span><\/span><\/p>\n<p><input type=\"submit\" value=\"Enroll now\" class=\"wpcf7-form-control wpcf7-submit btn btn-sm base_clr_bg btn-solid\" \/>\n      <\/p><\/div>\n<\/div>\n<\/div><div class=\"wpcf7-response-output wpcf7-display-none\"><\/div><\/form><\/div><\/div>[\/vc_column_inner][vc_column_inner width=&#8221;1\/4&#8243;][\/vc_column_inner][\/vc_row_inner][\/vc_column][\/vc_row][vc_row][vc_column][vc_custom_heading text=&#8221;Fast signup 5&#8243; font_container=&#8221;tag:h5|text_align:center&#8221; el_class=&#8221;heading-alt&#8221;][vc_empty_space][vc_row_inner][vc_column_inner width=&#8221;1\/4&#8243;][\/vc_column_inner][vc_column_inner width=&#8221;1\/2&#8243;]<div class='contact-form-7-data' data-token='w6U7E'><div role=\"form\" class=\"wpcf7\" id=\"wpcf7-f1375-o9\" lang=\"en-US\" dir=\"ltr\">\n<div class=\"screen-reader-response\"><\/div>\n<form action=\"\/en\/wp-json\/wp\/v2\/pages\/2040#wpcf7-f1375-o9\" method=\"post\" class=\"wpcf7-form\" novalidate=\"novalidate\">\n<div style=\"display: none;\">\n<input type=\"hidden\" name=\"_wpcf7\" value=\"1375\" \/>\n<input type=\"hidden\" name=\"_wpcf7_version\" value=\"5.1.1\" \/>\n<input type=\"hidden\" name=\"_wpcf7_locale\" value=\"en_US\" \/>\n<input type=\"hidden\" name=\"_wpcf7_unit_tag\" value=\"wpcf7-f1375-o9\" \/>\n<input type=\"hidden\" name=\"_wpcf7_container_post\" value=\"0\" \/>\n<input type=\"hidden\" name=\"g-recaptcha-response\" value=\"\" \/>\n<\/div>\n<div class=\"form-content\"><div class=\"form form-overlay\">\n<div class=\"form-group\">\n<div class=\"col-sm-12 col-xs-12\">\n      <span class=\"wpcf7-form-control-wrap FULLNAME\"><input type=\"text\" name=\"FULLNAME\" value=\"\" size=\"40\" class=\"wpcf7-form-control wpcf7-text wpcf7-validates-as-required form-control fullname\" aria-required=\"true\" aria-invalid=\"false\" placeholder=\"Fullname\" \/><\/span>\n    <\/div><\/div>\n<div class=\"form-group\">\n<div class=\"col-sm-12 col-xs-12\">\n      <span class=\"wpcf7-form-control-wrap EMAIL\"><input type=\"email\" name=\"EMAIL\" value=\"\" size=\"40\" class=\"wpcf7-form-control wpcf7-text wpcf7-email wpcf7-validates-as-required wpcf7-validates-as-email form-control email\" aria-required=\"true\" aria-invalid=\"false\" placeholder=\"E-mail\" \/><\/span>\n    <\/div><\/div>\n<div class=\"form-group\">\n<div class=\"col-sm-12 col-xs-12 align-center\">\n      <span class=\"wpcf7-form-control-wrap wpgdprc\"><span class=\"wpcf7-form-control wpcf7-validates-as-required wpcf7-wpgdprc\"><span class=\"wpcf7-list-item\"><input type=\"checkbox\" name=\"wpgdprc\" value=\"1\" aria-required=\"true\" aria-invalid=\"false\" \/><span class=\"wpcf7-list-item-label\">Da, strinjam se z dolo\u010dili glede varovanja podatkov<\/span><\/span><\/span><\/span><\/p>\n<p><input type=\"submit\" value=\"Enroll now\" class=\"wpcf7-form-control wpcf7-submit btn btn-sm base_clr_bg btn-solid\" \/>\n    <\/p><\/div><\/div>\n<\/div>\n<\/div><div class=\"wpcf7-response-output wpcf7-display-none\"><\/div><\/form><\/div><\/div>[\/vc_column_inner][vc_column_inner width=&#8221;1\/4&#8243;][\/vc_column_inner][\/vc_row_inner][\/vc_column][\/vc_row]<\/p>","protected":false},"excerpt":{"rendered":"<p>[vc_row][vc_column][vc_icon type=&#8221;lineicons&#8221; icon_lineicons=&#8221;icon icon-office-21&#8243; size=&#8221;lg&#8221; align=&#8221;center&#8221;][vc_custom_heading source=&#8221;post_title&#8221; font_container=&#8221;tag:h3|text_align:center&#8221;][vc_custom_heading text=&#8221;Please enter your data&#8221; font_container=&#8221;tag:p|text_align:center|color:%238d93a0&#8243;][\/vc_column][\/vc_row][vc_row][vc_column][vc_custom_heading text=&#8221;&#8221; font_container=&#8221;tag:h5|text_align:center&#8221; el_class=&#8221;heading-alt&#8221;][vc_empty_space][vc_row_inner][vc_column_inner width=&#8221;1\/3&#8243;][\/vc_column_inner][vc_column_inner width=&#8221;1\/3&#8243;][\/vc_column_inner][vc_column_inner width=&#8221;1\/3&#8243;][\/vc_column_inner][\/vc_row_inner][\/vc_column][\/vc_row][vc_row][vc_column][vc_custom_heading text=&#8221;Fast signup 1&#8243; font_container=&#8221;tag:h5|text_align:center&#8221; el_class=&#8221;heading-alt&#8221;][vc_empty_space][vc_row_inner][vc_column_inner][\/vc_column_inner][\/vc_row_inner][\/vc_column][\/vc_row][vc_row][vc_column][vc_custom_heading text=&#8221;Fast signup 2&#8243; font_container=&#8221;tag:h5|text_align:center&#8221; el_class=&#8221;heading-alt&#8221;][vc_empty_space][vc_row_inner][vc_column_inner width=&#8221;1\/6&#8243;][\/vc_column_inner][vc_column_inner width=&#8221;2\/3&#8243;][\/vc_column_inner][vc_column_inner width=&#8221;1\/6&#8243;][\/vc_column_inner][\/vc_row_inner][\/vc_column][\/vc_row][vc_row][vc_column][vc_custom_heading text=&#8221;Fast signup 3&#8243; font_container=&#8221;tag:h5|text_align:center&#8221; el_class=&#8221;heading-alt&#8221;][vc_empty_space][vc_row_inner][vc_column_inner width=&#8221;1\/4&#8243;][\/vc_column_inner][vc_column_inner width=&#8221;1\/2&#8243;][\/vc_column_inner][vc_column_inner width=&#8221;1\/4&#8243;][\/vc_column_inner][\/vc_row_inner][\/vc_column][\/vc_row][vc_row][vc_column][vc_custom_heading text=&#8221;Fast signup 4&#8243; font_container=&#8221;tag:h5|text_align:center&#8221; el_class=&#8221;heading-alt&#8221;][vc_empty_space][vc_row_inner][vc_column_inner width=&#8221;1\/4&#8243;][\/vc_column_inner][vc_column_inner width=&#8221;1\/2&#8243;][\/vc_column_inner][vc_column_inner width=&#8221;1\/4&#8243;][\/vc_column_inner][\/vc_row_inner][\/vc_column][\/vc_row][vc_row][vc_column][vc_custom_heading text=&#8221;Fast signup 5&#8243; font_container=&#8221;tag:h5|text_align:center&#8221; el_class=&#8221;heading-alt&#8221;][vc_empty_space][vc_row_inner][vc_column_inner width=&#8221;1\/4&#8243;][\/vc_column_inner][vc_column_inner width=&#8221;1\/2&#8243;][\/vc_column_inner][vc_column_inner [&hellip;]<\/p>\n","protected":false},"author":3,"featured_media":0,"parent":1767,"menu_order":0,"comment_status":"closed","ping_status":"closed","template":"","meta":{"footnotes":""},"_links":{"self":[{"href":"https:\/\/iktem.si\/en\/wp-json\/wp\/v2\/pages\/2040"}],"collection":[{"href":"https:\/\/iktem.si\/en\/wp-json\/wp\/v2\/pages"}],"about":[{"href":"https:\/\/iktem.si\/en\/wp-json\/wp\/v2\/types\/page"}],"author":[{"embeddable":true,"href":"https:\/\/iktem.si\/en\/wp-json\/wp\/v2\/users\/3"}],"replies":[{"embeddable":true,"href":"https:\/\/iktem.si\/en\/wp-json\/wp\/v2\/comments?post=2040"}],"version-history":[{"count":7,"href":"https:\/\/iktem.si\/en\/wp-json\/wp\/v2\/pages\/2040\/revisions"}],"predecessor-version":[{"id":4158,"href":"https:\/\/iktem.si\/en\/wp-json\/wp\/v2\/pages\/2040\/revisions\/4158"}],"up":[{"embeddable":true,"href":"https:\/\/iktem.si\/en\/wp-json\/wp\/v2\/pages\/1767"}],"wp:attachment":[{"href":"https:\/\/iktem.si\/en\/wp-json\/wp\/v2\/media?parent=2040"}],"curies":[{"name":"wp","href":"https:\/\/api.w.org\/{rel}","templated":true}]}}