{"id":2232,"date":"2016-01-07T08:47:37","date_gmt":"2016-01-07T08:47:37","guid":{"rendered":"http:\/\/ventcampwp.com\/?page_id=2232"},"modified":"2016-01-07T08:47:37","modified_gmt":"2016-01-07T08:47:37","slug":"advanced-google-maps","status":"publish","type":"page","link":"https:\/\/iktem.si\/en\/shortcodes\/advanced-google-maps\/","title":{"rendered":"Advanced Maps"},"content":{"rendered":"<p>[vc_row][vc_column][vc_icon type=&#8221;lineicons&#8221; icon_lineicons=&#8221;icon icon-office-21&#8243; size=&#8221;lg&#8221; align=&#8221;center&#8221;][vc_custom_heading source=&#8221;post_title&#8221; font_container=&#8221;tag:h3|text_align:center&#8221;][vc_custom_heading text=&#8221;Starting your own IT business and picking right<br \/>\nniche in less then 30 days&#8221; font_container=&#8221;tag:p|text_align:center|color:%238d93a0&#8243;][\/vc_column][\/vc_row][vc_row][vc_column][vc_custom_heading text=&#8221;Style: default&#8221; font_container=&#8221;tag:h5|text_align:center&#8221; el_class=&#8221;heading-alt&#8221;][\/vc_column][\/vc_row][vc_row width=&#8221;stretch_row&#8221; css=&#8221;.vc_custom_1452626040655{padding-top: 120px !important;padding-bottom: 120px !important;}&#8221;][vc_column width=&#8221;1\/2&#8243; css=&#8221;.vc_custom_1453282603519{margin-right: 50px !important;padding-top: 40px !important;padding-right: 10px !important;padding-bottom: 10px !important;padding-left: 50px !important;}&#8221;][vc_raw_html]JTNDZGl2JTIwY2xhc3MlM0QlMjJsb2NhdGlvbi1jb250YWluZXIlMjIlM0UlMEElM0NoMyUzRUxvY2F0aW9uJTNDJTJGaDMlM0UlMEElM0N1bCUyMGNsYXNzJTNEJTIybGlzdCUyMiUzRSUwQSUwOSUzQ2xpJTNFJTNDaSUyMGNsYXNzJTNEJTIyZmElMjBmYS1tYXAtbWFya2VyJTIyJTNFJTNDJTJGaSUzRTg4MSUyMDd0aCUyMEF2ZSUyME5ldyUyMFlvcmslMkMlMjBOWSUzQyUyRmxpJTNFJTBBJTA5JTNDbGklM0UlM0NpJTIwY2xhc3MlM0QlMjJmYSUyMGZhLWVudmVsb3BlJTIyJTNFJTNDJTJGaSUzRWluZm8lNDB2ZW50Y2FtcC5jb20lM0MlMkZsaSUzRSUwQSUwOSUzQ2xpJTNFJTNDaSUyMGNsYXNzJTNEJTIyZmElMjBmYS1waG9uZSUyMiUzRSUzQyUyRmklM0UoNTE4KSUyMDQ1Ny01MTgxJTIwMTAwMDElM0MlMkZsaSUzRSUwQSUwOSUzQ2xpJTNFJTNDaSUyMGNsYXNzJTNEJTIyZmElMjBmYS1jbG9jay1vJTIyJTNFJTNDJTJGaSUzRTclM0EzMCUyMC0lMjAyMiUzQTAwJTNDJTJGbGklM0UlMEElM0MlMkZ1bCUzRSUwQSUzQyUyRmRpdiUzRQ===[\/vc_raw_html][\/vc_column][vc_column width=&#8221;1\/2&#8243;]<div class=\"vncp-map\" data-address=\"881 7th Ave New York\" data-zoom=\"15\" data-relative-offset=\"true\" data-offset-x=\"10\" data-fill-row=\"true\"><\/div>[\/vc_column][\/vc_row][vc_row css=&#8221;.vc_custom_1453744589145{margin-top: 70px !important;}&#8221;][vc_column][vc_row_inner][vc_column_inner][vc_custom_heading text=&#8221;Style: on background&#8221; font_container=&#8221;tag:h5|text_align:center&#8221; el_class=&#8221;heading-alt&#8221;][\/vc_column_inner][\/vc_row_inner][\/vc_column][\/vc_row][vc_row width=&#8221;stretch_row_content_no_spaces&#8221; css=&#8221;.vc_custom_1452630723220{padding-top: 50px !important;padding-bottom: 5px !important;}&#8221;][vc_column height=&#8221;full_height&#8221; width=&#8221;1\/2&#8243; css=&#8221;.vc_custom_1453285026379{padding-top: 50px !important;padding-right: 50px !important;padding-left: 150px !important;background-color: #fe4918 !important;}&#8221;][vc_column_text]<\/p>\n<h5 class=\"bold\"><span style=\"color: #ffffff;\"> LOCATION<\/span><\/h5>\n<p>[\/vc_column_text]<div class=\"vncp-map\" data-address=\"881 7th Ave New York\" data-zoom=\"15\"><\/div>[vc_empty_space height=&#8221;25px&#8221;][vc_raw_html]JTNDZGl2JTIwY2xhc3MlM0QlMjJjb2wtc20tNiUyMiUzRSUwQSUwQSUzQ3VsJTIwY2xhc3MlM0QlMjJsaXN0JTIwbGlnaHQtdGV4dCUyMiUzRSUwQSUwOSUzQ2xpJTNFJTNDaSUyMGNsYXNzJTNEJTIyZmElMjBmYS1tYXAtbWFya2VyJTIyJTNFJTNDJTJGaSUzRSUzQ3NwYW4lMjBzdHlsZSUzRCUyMmNvbG9yJTNBJTIwJTIzZmZmZmZmJTNCJTIyJTNFODgxJTIwN3RoJTIwQXZlJTIwTmV3JTIwWW9yayUyQyUyME5ZJTNDJTJGc3BhbiUzRSUzQyUyRmxpJTNFJTBBJTA5JTNDbGklM0UlM0NzcGFuJTIwc3R5bGUlM0QlMjJjb2xvciUzQSUyMCUyM2ZmZmZmZiUzQiUyMiUzRSUzQ2klMjBjbGFzcyUzRCUyMmZhJTIwZmEtZW52ZWxvcGUlMjIlM0UlM0MlMkZpJTNFaW5mbyU0MHZlbnRjYW1wLmNvbSUzQyUyRnNwYW4lM0UlM0MlMkZsaSUzRSUwQSUzQyUyRnVsJTNFJTBBJTBBJTNDJTJGZGl2JTNFJTBBJTBBJTNDZGl2JTIwY2xhc3MlM0QlMjJjb2wtc20tNiUyMiUzRSUwQSUwQSUzQ3VsJTIwY2xhc3MlM0QlMjJsaXN0JTIwbGlnaHQtdGV4dCUyMiUzRSUwQSUwOSUzQ2xpJTNFJTNDc3BhbiUyMHN0eWxlJTNEJTIyY29sb3IlM0ElMjAlMjNmZmZmZmYlM0IlMjIlM0UlM0NpJTIwY2xhc3MlM0QlMjJmYSUyMGZhLXBob25lJTIyJTNFJTNDJTJGaSUzRSUyODUxOCUyOSUyMDQ1Ny01MTgxJTIwMTAwMDElM0MlMkZzcGFuJTNFJTNDJTJGbGklM0UlMEElMDklM0NsaSUzRSUzQ3NwYW4lMjBzdHlsZSUzRCUyMmNvbG9yJTNBJTIwJTIzZmZmZmZmJTNCJTIyJTNFJTNDaSUyMGNsYXNzJTNEJTIyZmElMjBmYS1jbG9jay1vJTIyJTNFJTNDJTJGaSUzRTclM0EzMCUyMC0lMjAyMiUzQTAwJTNDJTJGc3BhbiUzRSUzQyUyRmxpJTNFJTBBJTNDJTJGdWwlM0UlMEElMEElM0MlMkZkaXYlM0U=[\/vc_raw_html][\/vc_column][vc_column width=&#8221;1\/2&#8243; css=&#8221;.vc_custom_1453284607957{padding-left: 100px !important;}&#8221;][vc_column_text]<\/p>\n<h5 class=\"bold\"><mark>\u00a0 \u00a0 \u00a0 GET IN TOUCH<\/mark><\/h5>\n<p>[\/vc_column_text]<div class='contact-form-7-data' data-token='iyocI'><div role=\"form\" class=\"wpcf7\" id=\"wpcf7-f1501-o1\" lang=\"en-US\" dir=\"ltr\">\n<div class=\"screen-reader-response\"><\/div>\n<form action=\"\/en\/wp-json\/wp\/v2\/pages\/2232#wpcf7-f1501-o1\" method=\"post\" class=\"wpcf7-form\" novalidate=\"novalidate\">\n<div style=\"display: none;\">\n<input type=\"hidden\" name=\"_wpcf7\" value=\"1501\" \/>\n<input type=\"hidden\" name=\"_wpcf7_version\" value=\"5.1.1\" \/>\n<input type=\"hidden\" name=\"_wpcf7_locale\" value=\"en_US\" \/>\n<input type=\"hidden\" name=\"_wpcf7_unit_tag\" value=\"wpcf7-f1501-o1\" \/>\n<input type=\"hidden\" name=\"_wpcf7_container_post\" value=\"0\" \/>\n<input type=\"hidden\" name=\"g-recaptcha-response\" value=\"\" \/>\n<\/div>\n<div class=\"form-content\"><div class=\"form form-contacts\">\n<div class=\"form-group\">\n<div class=\"col-sm-12 col-xs-12\">\n      <span class=\"wpcf7-form-control-wrap FULLNAME\"><input type=\"text\" name=\"FULLNAME\" value=\"\" size=\"40\" class=\"wpcf7-form-control wpcf7-text wpcf7-validates-as-required\" aria-required=\"true\" aria-invalid=\"false\" placeholder=\"Va\u0161e ime in priimek\" \/><\/span>\n    <\/div><\/div>\n<div class=\"form-group\">\n<div class=\"col-sm-12 col-xs-12\">\n      <span class=\"wpcf7-form-control-wrap EMAIL\"><input type=\"email\" name=\"EMAIL\" value=\"\" size=\"40\" class=\"wpcf7-form-control wpcf7-text wpcf7-email wpcf7-validates-as-required wpcf7-validates-as-email\" aria-required=\"true\" aria-invalid=\"false\" placeholder=\"E-mail\" \/><\/span>\n    <\/div><\/div>\n<div class=\"form-group\">\n<div class=\"col-sm-12 col-xs-12\">\n      <span class=\"wpcf7-form-control-wrap your-message\"><textarea name=\"your-message\" cols=\"40\" rows=\"10\" class=\"wpcf7-form-control wpcf7-textarea wpcf7-validates-as-required\" aria-required=\"true\" aria-invalid=\"false\" placeholder=\"Napi\u0161ite va\u0161e sporo\u010dilo.\"><\/textarea><\/span>\n    <\/div><\/div>\n<div class=\"form-group\">\n<div class=\"col-sm-12 col-xs-12\">\n\n<p>      <span class=\"wpcf7-form-control-wrap wpgdprc\"><span class=\"wpcf7-form-control wpcf7-validates-as-required wpcf7-wpgdprc\"><span class=\"wpcf7-list-item\"><input type=\"checkbox\" name=\"wpgdprc\" value=\"1\" aria-required=\"true\" aria-invalid=\"false\" \/><span class=\"wpcf7-list-item-label\">Da, strinjam se z dolo\u010dili glede varovanja podatkov<\/span><\/span><\/span><\/span><\/p>\n<p><input type=\"submit\" value=\"PO\u0160LJITE SPORO\u010cILO\" class=\"wpcf7-form-control wpcf7-submit btn\" \/>\n    <\/p><\/div><\/div>\n<\/div>\n<\/div><div class=\"wpcf7-response-output wpcf7-display-none\"><\/div><\/form><\/div><\/div>[\/vc_column][\/vc_row][vc_row css=&#8221;.vc_custom_1453744614413{margin-top: 70px !important;}&#8221;][vc_column][vc_row_inner][vc_column_inner][vc_custom_heading text=&#8221;Style: half screen&#8221; font_container=&#8221;tag:h5|text_align:center&#8221; el_class=&#8221;heading-alt&#8221;][\/vc_column_inner][\/vc_row_inner][\/vc_column][\/vc_row][vc_row width=&#8221;stretch_row_content_no_spaces&#8221;][vc_column height=&#8221;full_height&#8221; width=&#8221;1\/2&#8243; css=&#8221;.vc_custom_1453294098957{padding-top: 125px !important;padding-right: 50px !important;padding-left: 350px !important;background-color: #ffffff !important;}&#8221;][vc_column_text]<\/p>\n<h5 class=\"bold\"><mark>GET IN TOUCH<\/mark><\/h5>\n<p>[\/vc_column_text][vc_raw_html]JTNDdWwlMjBjbGFzcyUzRCUyMmxpc3QlMjIlM0UlMEElMDklM0NsaSUzRSUzQ2klMjBjbGFzcyUzRCUyMmZhJTIwZmEtbWFwLW1hcmtlciUyMiUzRSUzQyUyRmklM0U4ODElMjA3dGglMjBBdmUlMjBOZXclMjBZb3JrJTJDJTIwTlklM0MlMkZsaSUzRSUwQSUwOSUzQ2xpJTNFJTNDaSUyMGNsYXNzJTNEJTIyZmElMjBmYS1lbnZlbG9wZSUyMiUzRSUzQyUyRmklM0VpbmZvJTQwdmVudGNhbXAuY29tJTNDJTJGbGklM0UlMEElMDklM0NsaSUzRSUzQ2klMjBjbGFzcyUzRCUyMmZhJTIwZmEtcGhvbmUlMjIlM0UlM0MlMkZpJTNFJTI4NTE4JTI5JTIwNDU3LTUxODElMjAxMDAwMSUzQyUyRmxpJTNFJTBBJTA5JTNDbGklM0UlM0NpJTIwY2xhc3MlM0QlMjJmYSUyMGZhLWNsb2NrLW8lMjIlM0UlM0MlMkZpJTNFNyUzQTMwJTIwLSUyMDIyJTNBMDAlM0MlMkZsaSUzRSUwQSUzQyUyRnVsJTNFJTBB[\/vc_raw_html][\/vc_column][vc_column width=&#8221;1\/2&#8243;]<div class=\"vncp-map\" data-address=\"881 7th Ave New York\" data-zoom=\"15\" data-relative-offset=\"true\" data-offset-x=\"25\" data-offset-y=\"10\" data-balloons=\"Hotel Plaza Athenee New York|\nHoliday Inn New York City-Midtown-57th St.\" data-fill-row=\"true\"><\/div>[\/vc_column][\/vc_row][vc_row css=&#8221;.vc_custom_1453744641747{margin-top: 70px !important;}&#8221;][vc_column][vc_row_inner][vc_column_inner][vc_custom_heading text=&#8221;Style: bottom contacts&#8221; font_container=&#8221;tag:h5|text_align:center&#8221; el_class=&#8221;heading-alt&#8221;][\/vc_column_inner][\/vc_row_inner][\/vc_column][\/vc_row][vc_row width=&#8221;stretch_row_content_no_spaces&#8221; css=&#8221;.vc_custom_1452626521681{padding-top: 250px !important;padding-bottom: 250px !important;}&#8221;][vc_column height=&#8221;full_height&#8221; width=&#8221;1\/2&#8243;][\/vc_column][vc_column width=&#8221;1\/2&#8243;]<div class=\"vncp-map\" data-address=\"881 7th Ave New York\" data-zoom=\"15\" data-relative-offset=\"true\" data-offset-y=\"15\" data-balloons=\"Hotel Plaza Athenee New York|\nHoliday Inn New York City-Midtown-57th St.\" data-fill-row=\"true\"><\/div>[\/vc_column][\/vc_row][vc_row css=&#8221;.vc_custom_1452626920473{padding-top: 50px !important;}&#8221;][vc_column width=&#8221;1\/2&#8243; css=&#8221;.vc_custom_1452629016446{padding-left: 100px !important;}&#8221;][vc_column_text]<\/p>\n<h5 class=\"bold\"><mark>LOCATION<\/mark><\/h5>\n<ul class=\"list\">\n<li><i class=\"fa fa-map-marker\"><\/i>881 7th Ave New York, NY<\/li>\n<li><i class=\"fa fa-envelope\"><\/i>info@ventcamp.com<\/li>\n<li><i class=\"fa fa-phone\"><\/i>(518) 457-5181 10001<\/li>\n<li><i class=\"fa fa-clock-o\"><\/i>7:30 &#8211; 22:00<\/li>\n<\/ul>\n<p>[\/vc_column_text][\/vc_column][vc_column width=&#8221;1\/2&#8243;][vc_column_text]<\/p>\n<h5 class=\"bold\"><mark>\u00a0 \u00a0 \u00a0 GET IN TOUCH<\/mark><\/h5>\n<p>[\/vc_column_text]<div class='contact-form-7-data' data-token='Jt6CO'><div role=\"form\" class=\"wpcf7\" id=\"wpcf7-f1501-o2\" lang=\"en-US\" dir=\"ltr\">\n<div class=\"screen-reader-response\"><\/div>\n<form action=\"\/en\/wp-json\/wp\/v2\/pages\/2232#wpcf7-f1501-o2\" method=\"post\" class=\"wpcf7-form\" novalidate=\"novalidate\">\n<div style=\"display: none;\">\n<input type=\"hidden\" name=\"_wpcf7\" value=\"1501\" \/>\n<input type=\"hidden\" name=\"_wpcf7_version\" value=\"5.1.1\" \/>\n<input type=\"hidden\" name=\"_wpcf7_locale\" value=\"en_US\" \/>\n<input type=\"hidden\" name=\"_wpcf7_unit_tag\" value=\"wpcf7-f1501-o2\" \/>\n<input type=\"hidden\" name=\"_wpcf7_container_post\" value=\"0\" \/>\n<input type=\"hidden\" name=\"g-recaptcha-response\" value=\"\" \/>\n<\/div>\n<div class=\"form-content\"><div class=\"form form-contacts\">\n<div class=\"form-group\">\n<div class=\"col-sm-12 col-xs-12\">\n      <span class=\"wpcf7-form-control-wrap FULLNAME\"><input type=\"text\" name=\"FULLNAME\" value=\"\" size=\"40\" class=\"wpcf7-form-control wpcf7-text wpcf7-validates-as-required\" aria-required=\"true\" aria-invalid=\"false\" placeholder=\"Va\u0161e ime in priimek\" \/><\/span>\n    <\/div><\/div>\n<div class=\"form-group\">\n<div class=\"col-sm-12 col-xs-12\">\n      <span class=\"wpcf7-form-control-wrap EMAIL\"><input type=\"email\" name=\"EMAIL\" value=\"\" size=\"40\" class=\"wpcf7-form-control wpcf7-text wpcf7-email wpcf7-validates-as-required wpcf7-validates-as-email\" aria-required=\"true\" aria-invalid=\"false\" placeholder=\"E-mail\" \/><\/span>\n    <\/div><\/div>\n<div class=\"form-group\">\n<div class=\"col-sm-12 col-xs-12\">\n      <span class=\"wpcf7-form-control-wrap your-message\"><textarea name=\"your-message\" cols=\"40\" rows=\"10\" class=\"wpcf7-form-control wpcf7-textarea wpcf7-validates-as-required\" aria-required=\"true\" aria-invalid=\"false\" placeholder=\"Napi\u0161ite va\u0161e sporo\u010dilo.\"><\/textarea><\/span>\n    <\/div><\/div>\n<div class=\"form-group\">\n<div class=\"col-sm-12 col-xs-12\">\n\n<p>      <span class=\"wpcf7-form-control-wrap wpgdprc\"><span class=\"wpcf7-form-control wpcf7-validates-as-required wpcf7-wpgdprc\"><span class=\"wpcf7-list-item\"><input type=\"checkbox\" name=\"wpgdprc\" value=\"1\" aria-required=\"true\" aria-invalid=\"false\" \/><span class=\"wpcf7-list-item-label\">Da, strinjam se z dolo\u010dili glede varovanja podatkov<\/span><\/span><\/span><\/span><\/p>\n<p><input type=\"submit\" value=\"PO\u0160LJITE SPORO\u010cILO\" class=\"wpcf7-form-control wpcf7-submit btn\" \/>\n    <\/p><\/div><\/div>\n<\/div>\n<\/div><div class=\"wpcf7-response-output wpcf7-display-none\"><\/div><\/form><\/div><\/div>[\/vc_column][\/vc_row]<\/p>\n","protected":false},"excerpt":{"rendered":"<p>[vc_row][vc_column][vc_icon type=&#8221;lineicons&#8221; icon_lineicons=&#8221;icon icon-office-21&#8243; size=&#8221;lg&#8221; align=&#8221;center&#8221;][vc_custom_heading source=&#8221;post_title&#8221; font_container=&#8221;tag:h3|text_align:center&#8221;][vc_custom_heading text=&#8221;Starting your own IT business and picking right niche in less then 30 days&#8221; font_container=&#8221;tag:p|text_align:center|color:%238d93a0&#8243;][\/vc_column][\/vc_row][vc_row][vc_column][vc_custom_heading text=&#8221;Style: default&#8221; font_container=&#8221;tag:h5|text_align:center&#8221; el_class=&#8221;heading-alt&#8221;][\/vc_column][\/vc_row][vc_row width=&#8221;stretch_row&#8221; css=&#8221;.vc_custom_1452626040655{padding-top: 120px !important;padding-bottom: 120px !important;}&#8221;][vc_column width=&#8221;1\/2&#8243; css=&#8221;.vc_custom_1453282603519{margin-right: 50px !important;padding-top: 40px !important;padding-right: 10px !important;padding-bottom: 10px !important;padding-left: 50px !important;}&#8221;][vc_raw_html]JTNDZGl2JTIwY2xhc3MlM0QlMjJsb2NhdGlvbi1jb250YWluZXIlMjIlM0UlMEElM0NoMyUzRUxvY2F0aW9uJTNDJTJGaDMlM0UlMEElM0N1bCUyMGNsYXNzJTNEJTIybGlzdCUyMiUzRSUwQSUwOSUzQ2xpJTNFJTNDaSUyMGNsYXNzJTNEJTIyZmElMjBmYS1tYXAtbWFya2VyJTIyJTNFJTNDJTJGaSUzRTg4MSUyMDd0aCUyMEF2ZSUyME5ldyUyMFlvcmslMkMlMjBOWSUzQyUyRmxpJTNFJTBBJTA5JTNDbGklM0UlM0NpJTIwY2xhc3MlM0QlMjJmYSUyMGZhLWVudmVsb3BlJTIyJTNFJTNDJTJGaSUzRWluZm8lNDB2ZW50Y2FtcC5jb20lM0MlMkZsaSUzRSUwQSUwOSUzQ2xpJTNFJTNDaSUyMGNsYXNzJTNEJTIyZmElMjBmYS1waG9uZSUyMiUzRSUzQyUyRmklM0UoNTE4KSUyMDQ1Ny01MTgxJTIwMTAwMDElM0MlMkZsaSUzRSUwQSUwOSUzQ2xpJTNFJTNDaSUyMGNsYXNzJTNEJTIyZmElMjBmYS1jbG9jay1vJTIyJTNFJTNDJTJGaSUzRTclM0EzMCUyMC0lMjAyMiUzQTAwJTNDJTJGbGklM0UlMEElM0MlMkZ1bCUzRSUwQSUzQyUyRmRpdiUzRQ===[\/vc_raw_html][\/vc_column][vc_column width=&#8221;1\/2&#8243;][\/vc_column][\/vc_row][vc_row css=&#8221;.vc_custom_1453744589145{margin-top: 70px !important;}&#8221;][vc_column][vc_row_inner][vc_column_inner][vc_custom_heading text=&#8221;Style: on background&#8221; font_container=&#8221;tag:h5|text_align:center&#8221; el_class=&#8221;heading-alt&#8221;][\/vc_column_inner][\/vc_row_inner][\/vc_column][\/vc_row][vc_row width=&#8221;stretch_row_content_no_spaces&#8221; [&hellip;]<\/p>\n","protected":false},"author":3,"featured_media":0,"parent":1767,"menu_order":0,"comment_status":"closed","ping_status":"closed","template":"","meta":{"footnotes":""},"_links":{"self":[{"href":"https:\/\/iktem.si\/en\/wp-json\/wp\/v2\/pages\/2232"}],"collection":[{"href":"https:\/\/iktem.si\/en\/wp-json\/wp\/v2\/pages"}],"about":[{"href":"https:\/\/iktem.si\/en\/wp-json\/wp\/v2\/types\/page"}],"author":[{"embeddable":true,"href":"https:\/\/iktem.si\/en\/wp-json\/wp\/v2\/users\/3"}],"replies":[{"embeddable":true,"href":"https:\/\/iktem.si\/en\/wp-json\/wp\/v2\/comments?post=2232"}],"version-history":[{"count":0,"href":"https:\/\/iktem.si\/en\/wp-json\/wp\/v2\/pages\/2232\/revisions"}],"up":[{"embeddable":true,"href":"https:\/\/iktem.si\/en\/wp-json\/wp\/v2\/pages\/1767"}],"wp:attachment":[{"href":"https:\/\/iktem.si\/en\/wp-json\/wp\/v2\/media?parent=2232"}],"curies":[{"name":"wp","href":"https:\/\/api.w.org\/{rel}","templated":true}]}}